{"id":1095,"date":"2022-06-14T16:39:52","date_gmt":"2022-06-14T14:39:52","guid":{"rendered":"https:\/\/www.allfincon.com\/finanzdienstleistung-anfordern\/"},"modified":"2022-09-08T14:41:28","modified_gmt":"2022-09-08T12:41:28","slug":"finanzdienstleistung-anfordern","status":"publish","type":"page","link":"https:\/\/www.allfincon.com\/de\/finanzdienstleistung-anfordern\/","title":{"rendered":"Finanzdienstleistung anfordern"},"content":{"rendered":"\t\t<div data-elementor-type=\"wp-page\" data-elementor-id=\"1095\" class=\"elementor elementor-1095 elementor-316\" data-elementor-post-type=\"page\">\n\t\t\t\t\t\t<section class=\"elementor-section elementor-top-section elementor-element elementor-element-34c8e9f elementor-section-full_width elementor-section-height-default elementor-section-height-default\" data-id=\"34c8e9f\" data-element_type=\"section\" data-settings=\"{&quot;background_background&quot;:&quot;classic&quot;}\">\n\t\t\t\t\t\t\t<div class=\"elementor-background-overlay\"><\/div>\n\t\t\t\t\t\t\t<div class=\"elementor-container elementor-column-gap-default\">\n\t\t\t\t\t<div class=\"elementor-column elementor-col-100 elementor-top-column elementor-element elementor-element-fa518fd\" data-id=\"fa518fd\" data-element_type=\"column\">\n\t\t\t<div class=\"elementor-widget-wrap elementor-element-populated\">\n\t\t\t\t\t\t<section class=\"elementor-section elementor-inner-section elementor-element elementor-element-ddefd15 elementor-section-full_width elementor-section-height-default elementor-section-height-default\" data-id=\"ddefd15\" data-element_type=\"section\">\n\t\t\t\t\t\t<div class=\"elementor-container elementor-column-gap-default\">\n\t\t\t\t\t<div class=\"elementor-column elementor-col-33 elementor-inner-column elementor-element elementor-element-3d5aaa3\" data-id=\"3d5aaa3\" data-element_type=\"column\">\n\t\t\t<div class=\"elementor-widget-wrap\">\n\t\t\t\t\t\t\t<\/div>\n\t\t<\/div>\n\t\t\t\t<div class=\"elementor-column elementor-col-33 elementor-inner-column elementor-element elementor-element-baa0f7a\" data-id=\"baa0f7a\" data-element_type=\"column\">\n\t\t\t<div class=\"elementor-widget-wrap elementor-element-populated\">\n\t\t\t\t\t\t<div class=\"elementor-element elementor-element-5ba44dc elementor-widget elementor-widget-heading\" data-id=\"5ba44dc\" data-element_type=\"widget\" data-widget_type=\"heading.default\">\n\t\t\t\t<div class=\"elementor-widget-container\">\n\t\t\t<h2 class=\"elementor-heading-title elementor-size-default\">Finanzdienstleistungen anfordern<\/h2>\t\t<\/div>\n\t\t\t\t<\/div>\n\t\t\t\t<div class=\"elementor-element elementor-element-fbb3470 elementor-widget elementor-widget-text-editor\" data-id=\"fbb3470\" data-element_type=\"widget\" data-widget_type=\"text-editor.default\">\n\t\t\t\t<div class=\"elementor-widget-container\">\n\t\t\t\t\t\t\t<p>Wir freuen uns auf Ihre Kontaktaufnahme oder Anfrage. Als inhabergef\u00fchrtes Unternehmen k\u00fcmmern wir uns pers\u00f6nlich um die volle Zufriedenheit unserer Kunden.<\/p><p>Um keine Zeit zu verlieren, k\u00f6nnen Sie direkt mit der Anfrage \u00fcber unser Formular beginnen oder uns pers\u00f6nlich kontaktieren.<\/p>\t\t\t\t\t\t<\/div>\n\t\t\t\t<\/div>\n\t\t\t\t\t<\/div>\n\t\t<\/div>\n\t\t\t\t<div class=\"elementor-column elementor-col-33 elementor-inner-column elementor-element elementor-element-c6e5cbd\" data-id=\"c6e5cbd\" data-element_type=\"column\">\n\t\t\t<div class=\"elementor-widget-wrap elementor-element-populated\">\n\t\t\t\t\t\t<div class=\"elementor-element elementor-element-4d48da7 elementor-widget elementor-widget-video\" data-id=\"4d48da7\" data-element_type=\"widget\" data-settings=\"{&quot;youtube_url&quot;:&quot;https:\\\/\\\/www.youtube.com\\\/watch?v=XHOmBV4js_E&quot;,&quot;show_image_overlay&quot;:&quot;yes&quot;,&quot;image_overlay&quot;:{&quot;url&quot;:&quot;https:\\\/\\\/www.allfincon.com\\\/wp-content\\\/uploads\\\/2022\\\/06\\\/ALL4CON_0129-scaled.jpg&quot;,&quot;id&quot;:132,&quot;size&quot;:&quot;&quot;,&quot;alt&quot;:&quot;&quot;,&quot;source&quot;:&quot;library&quot;},&quot;video_type&quot;:&quot;youtube&quot;,&quot;controls&quot;:&quot;yes&quot;}\" data-widget_type=\"video.default\">\n\t\t\t\t<div class=\"elementor-widget-container\">\n\t\t\t\t\t<div class=\"elementor-wrapper elementor-open-inline\">\n\t\t\t<div class=\"elementor-video\"><\/div>\t\t\t\t<div class=\"elementor-custom-embed-image-overlay\" style=\"background-image: url(https:\/\/www.allfincon.com\/wp-content\/uploads\/2022\/06\/ALL4CON_0129-scaled.jpg);\">\n\t\t\t\t\t\t\t\t\t\t\t\t\t\t\t\t<div class=\"elementor-custom-embed-play\" role=\"button\" aria-label=\"Video abspielen\" tabindex=\"0\">\n\t\t\t\t\t\t\t<i aria-hidden=\"true\" class=\"eicon-play\"><\/i>\t\t\t\t\t\t\t<span class=\"elementor-screen-only\">Video abspielen<\/span>\n\t\t\t\t\t\t<\/div>\n\t\t\t\t\t\t\t\t\t<\/div>\n\t\t\t\t\t<\/div>\n\t\t\t\t<\/div>\n\t\t\t\t<\/div>\n\t\t\t\t\t<\/div>\n\t\t<\/div>\n\t\t\t\t\t<\/div>\n\t\t<\/section>\n\t\t\t\t\t<\/div>\n\t\t<\/div>\n\t\t\t\t\t<\/div>\n\t\t<\/section>\n\t\t\t\t<section class=\"elementor-section elementor-top-section elementor-element elementor-element-802ccb0 elementor-section-boxed elementor-section-height-default elementor-section-height-default\" data-id=\"802ccb0\" data-element_type=\"section\">\n\t\t\t\t\t\t<div class=\"elementor-container elementor-column-gap-default\">\n\t\t\t\t\t<div class=\"elementor-column elementor-col-100 elementor-top-column elementor-element elementor-element-68f68fb\" data-id=\"68f68fb\" data-element_type=\"column\">\n\t\t\t<div class=\"elementor-widget-wrap elementor-element-populated\">\n\t\t\t\t\t\t<div class=\"elementor-element elementor-element-c796e75 elementor-button-align-stretch elementor-widget elementor-widget-form\" data-id=\"c796e75\" data-element_type=\"widget\" data-settings=\"{&quot;step_next_label&quot;:&quot;Weiter&quot;,&quot;step_previous_label&quot;:&quot;Vorherige&quot;,&quot;button_width&quot;:&quot;100&quot;,&quot;step_type&quot;:&quot;number_text&quot;,&quot;step_icon_shape&quot;:&quot;circle&quot;}\" data-widget_type=\"form.default\">\n\t\t\t\t<div class=\"elementor-widget-container\">\n\t\t\t\t\t<form class=\"elementor-form\" method=\"post\" name=\"Neue Form\">\n\t\t\t<input type=\"hidden\" name=\"post_id\" value=\"1095\"\/>\n\t\t\t<input type=\"hidden\" name=\"form_id\" value=\"c796e75\"\/>\n\t\t\t<input type=\"hidden\" name=\"referer_title\" value=\"\" \/>\n\n\t\t\t\n\t\t\t<div class=\"elementor-form-fields-wrapper elementor-labels-above\">\n\t\t\t\t\t\t\t\t<div class=\"elementor-field-type-checkbox elementor-field-group elementor-column elementor-field-group-name elementor-col-100\">\n\t\t\t\t\t\t\t\t\t\t\t\t<label for=\"form-field-name\" class=\"elementor-field-label\">\n\t\t\t\t\t\t\t\tSie haben das folgende Ziel:  \t\t\t\t\t\t\t<\/label>\n\t\t\t\t\t\t<div class=\"elementor-field-subgroup  \"><span class=\"elementor-field-option\"><input type=\"checkbox\" value=\"Eigenkapitalerh\u00f6hung (Minderheit \/ Mehrheit)\" id=\"form-field-name-0\" name=\"form_fields[name][]\"> <label for=\"form-field-name-0\">Eigenkapitalerh\u00f6hung (Minderheit \/ Mehrheit)<\/label><\/span><span class=\"elementor-field-option\"><input type=\"checkbox\" value=\"Investitionsfinanzierung \/ Akquisitionsfinanzierung\" id=\"form-field-name-1\" name=\"form_fields[name][]\"> <label for=\"form-field-name-1\">Investitionsfinanzierung \/ Akquisitionsfinanzierung<\/label><\/span><span class=\"elementor-field-option\"><input type=\"checkbox\" value=\"Verbesserung\/Erh\u00f6hung der Liquidit\u00e4t\" id=\"form-field-name-2\" name=\"form_fields[name][]\"> <label for=\"form-field-name-2\">Verbesserung\/Erh\u00f6hung der Liquidit\u00e4t<\/label><\/span><span class=\"elementor-field-option\"><input type=\"checkbox\" value=\"Verbesserung der Bilanzstruktur\" id=\"form-field-name-3\" name=\"form_fields[name][]\"> <label for=\"form-field-name-3\">Verbesserung der Bilanzstruktur<\/label><\/span><span class=\"elementor-field-option\"><input type=\"checkbox\" value=\"Optimierung des Betriebskapitals\" id=\"form-field-name-4\" name=\"form_fields[name][]\"> <label for=\"form-field-name-4\">Optimierung des Betriebskapitals<\/label><\/span><span class=\"elementor-field-option\"><input type=\"checkbox\" value=\"Refinanzierung\/Abl\u00f6sung einer bestehenden Finanzierung\" id=\"form-field-name-5\" name=\"form_fields[name][]\"> <label for=\"form-field-name-5\">Refinanzierung\/Abl\u00f6sung einer bestehenden Finanzierung<\/label><\/span><span class=\"elementor-field-option\"><input type=\"checkbox\" value=\"Verbesserung des Ratings\" id=\"form-field-name-6\" name=\"form_fields[name][]\"> <label for=\"form-field-name-6\">Verbesserung des Ratings<\/label><\/span><span class=\"elementor-field-option\"><input type=\"checkbox\" value=\"Umstrukturierung der Passivseite \/ Turnaround-Finanzierung\" id=\"form-field-name-7\" name=\"form_fields[name][]\"> <label for=\"form-field-name-7\">Umstrukturierung der Passivseite \/ Turnaround-Finanzierung<\/label><\/span><span class=\"elementor-field-option\"><input type=\"checkbox\" value=\"Liquidit\u00e4tsneutrale Aufhebung der Pensionsr\u00fcckstellungen\" id=\"form-field-name-8\" name=\"form_fields[name][]\"> <label for=\"form-field-name-8\">Liquidit\u00e4tsneutrale Aufhebung der Pensionsr\u00fcckstellungen<\/label><\/span><span class=\"elementor-field-option\"><input type=\"checkbox\" value=\"Andere\" id=\"form-field-name-9\" name=\"form_fields[name][]\"> <label for=\"form-field-name-9\">Andere<\/label><\/span><\/div>\t\t\t\t<\/div>\n\t\t\t\t\t\t\t\t<div class=\"elementor-field-type-html elementor-field-group elementor-column elementor-field-group-field_a77d71d elementor-col-100\">\n\t\t\t\t\t<p style=\"margin:0; padding:0;\">Die mit einem * gekennzeichneten Felder sind Pflichtfelder und m\u00fcssen ausgef\u00fcllt werden.<\/p>\t\t\t\t<\/div>\n\t\t\t\t\t\t\t\t<div class=\"elementor-field-type-text elementor-field-group elementor-column elementor-field-group-field_fbbda8e elementor-col-100\">\n\t\t\t\t\t\t\t\t\t\t\t\t\t<input size=\"1\" type=\"text\" name=\"form_fields[field_fbbda8e]\" id=\"form-field-field_fbbda8e\" class=\"elementor-field elementor-size-sm  elementor-field-textual\" placeholder=\"Kontaktangaben\">\n\t\t\t\t\t\t\t\t\t\t\t<\/div>\n\t\t\t\t\t\t\t\t<div class=\"elementor-field-type-text elementor-field-group elementor-column elementor-field-group-field_818a5e8 elementor-col-100\">\n\t\t\t\t\t\t\t\t\t\t\t\t\t<input size=\"1\" type=\"text\" name=\"form_fields[field_818a5e8]\" id=\"form-field-field_818a5e8\" class=\"elementor-field elementor-size-sm  elementor-field-textual\" placeholder=\"Zweigstelle des Unternehmens:\">\n\t\t\t\t\t\t\t\t\t\t\t<\/div>\n\t\t\t\t\t\t\t\t<div class=\"elementor-field-type-text elementor-field-group elementor-column elementor-field-group-field_684a44b elementor-col-100\">\n\t\t\t\t\t\t\t\t\t\t\t\t\t<input size=\"1\" type=\"text\" name=\"form_fields[field_684a44b]\" id=\"form-field-field_684a44b\" class=\"elementor-field elementor-size-sm  elementor-field-textual\" placeholder=\"Umsatz in den letzten drei Jahren:\">\n\t\t\t\t\t\t\t\t\t\t\t<\/div>\n\t\t\t\t\t\t\t\t<div class=\"elementor-field-type-text elementor-field-group elementor-column elementor-field-group-field_a4587e4 elementor-col-100\">\n\t\t\t\t\t\t\t\t\t\t\t\t\t<input size=\"1\" type=\"text\" name=\"form_fields[field_a4587e4]\" id=\"form-field-field_a4587e4\" class=\"elementor-field elementor-size-sm  elementor-field-textual\" placeholder=\"Kontaktperson in Ihrem Unternehmen:\">\n\t\t\t\t\t\t\t\t\t\t\t<\/div>\n\t\t\t\t\t\t\t\t<div class=\"elementor-field-type-text elementor-field-group elementor-column elementor-field-group-field_51fb7eb elementor-col-100 elementor-field-required\">\n\t\t\t\t\t\t\t\t\t\t\t\t\t<input size=\"1\" type=\"text\" name=\"form_fields[field_51fb7eb]\" id=\"form-field-field_51fb7eb\" class=\"elementor-field elementor-size-sm  elementor-field-textual\" placeholder=\"Nachname*\" required=\"required\" aria-required=\"true\">\n\t\t\t\t\t\t\t\t\t\t\t<\/div>\n\t\t\t\t\t\t\t\t<div class=\"elementor-field-type-text elementor-field-group elementor-column elementor-field-group-field_b1a1e21 elementor-col-100\">\n\t\t\t\t\t\t\t\t\t\t\t\t\t<input size=\"1\" type=\"text\" name=\"form_fields[field_b1a1e21]\" id=\"form-field-field_b1a1e21\" class=\"elementor-field elementor-size-sm  elementor-field-textual\" placeholder=\"Unternehmen\">\n\t\t\t\t\t\t\t\t\t\t\t<\/div>\n\t\t\t\t\t\t\t\t<div class=\"elementor-field-type-text elementor-field-group elementor-column elementor-field-group-field_76bbd75 elementor-col-100\">\n\t\t\t\t\t\t\t\t\t\t\t\t\t<input size=\"1\" type=\"text\" name=\"form_fields[field_76bbd75]\" id=\"form-field-field_76bbd75\" class=\"elementor-field elementor-size-sm  elementor-field-textual\" placeholder=\"Position\">\n\t\t\t\t\t\t\t\t\t\t\t<\/div>\n\t\t\t\t\t\t\t\t<div class=\"elementor-field-type-text elementor-field-group elementor-column elementor-field-group-field_a67f11a elementor-col-100\">\n\t\t\t\t\t\t\t\t\t\t\t\t\t<input size=\"1\" type=\"text\" name=\"form_fields[field_a67f11a]\" id=\"form-field-field_a67f11a\" class=\"elementor-field elementor-size-sm  elementor-field-textual\" placeholder=\"Stra\u00dfe, Hausnummer\">\n\t\t\t\t\t\t\t\t\t\t\t<\/div>\n\t\t\t\t\t\t\t\t<div class=\"elementor-field-type-email elementor-field-group elementor-column elementor-field-group-field_a2a3fef elementor-col-100 elementor-field-required\">\n\t\t\t\t\t\t\t\t\t\t\t\t\t<input size=\"1\" type=\"email\" name=\"form_fields[field_a2a3fef]\" id=\"form-field-field_a2a3fef\" class=\"elementor-field elementor-size-sm  elementor-field-textual\" placeholder=\"E-Mail*\" required=\"required\" aria-required=\"true\">\n\t\t\t\t\t\t\t\t\t\t\t<\/div>\n\t\t\t\t\t\t\t\t<div class=\"elementor-field-type-email elementor-field-group elementor-column elementor-field-group-field_e05aecf elementor-col-100\">\n\t\t\t\t\t\t\t\t\t\t\t\t\t<input size=\"1\" type=\"email\" name=\"form_fields[field_e05aecf]\" id=\"form-field-field_e05aecf\" class=\"elementor-field elementor-size-sm  elementor-field-textual\" placeholder=\"Postleitzahl &amp; Stadt\">\n\t\t\t\t\t\t\t\t\t\t\t<\/div>\n\t\t\t\t\t\t\t\t<div class=\"elementor-field-type-email elementor-field-group elementor-column elementor-field-group-field_208c636 elementor-col-100\">\n\t\t\t\t\t\t\t\t\t\t\t\t\t<input size=\"1\" type=\"email\" name=\"form_fields[field_208c636]\" id=\"form-field-field_208c636\" class=\"elementor-field elementor-size-sm  elementor-field-textual\" placeholder=\"Telefon\">\n\t\t\t\t\t\t\t\t\t\t\t<\/div>\n\t\t\t\t\t\t\t\t<div class=\"elementor-field-type-checkbox elementor-field-group elementor-column elementor-field-group-field_07ee1d4 elementor-col-100\">\n\t\t\t\t\t<div class=\"elementor-field-subgroup  \"><span class=\"elementor-field-option\"><input type=\"checkbox\" value=\"Ich stimme zu, dass meine Angaben aus dem Kontaktformular zur Beantwortung meiner Anfrage erhoben und verarbeitet werden. Die Daten werden nach Bearbeitung Ihrer Anfrage gel\u00f6scht. Ausf\u00fchrliche Informationen zum Umgang mit Nutzerdaten finden Sie in unserer Datenschutzerkl\u00e4rung.\" id=\"form-field-field_07ee1d4-0\" name=\"form_fields[field_07ee1d4]\"> <label for=\"form-field-field_07ee1d4-0\">Ich stimme zu, dass meine Angaben aus dem Kontaktformular zur Beantwortung meiner Anfrage erhoben und verarbeitet werden. Die Daten werden nach Bearbeitung Ihrer Anfrage gel\u00f6scht. Ausf\u00fchrliche Informationen zum Umgang mit Nutzerdaten finden Sie in unserer Datenschutzerkl\u00e4rung.<\/label><\/span><\/div>\t\t\t\t<\/div>\n\t\t\t\t\t\t\t\t<div class=\"elementor-field-type-recaptcha elementor-field-group elementor-column elementor-field-group-field_735f148 elementor-col-100\">\n\t\t\t\t\t<div class=\"elementor-field\" id=\"form-field-field_735f148\"><div class=\"elementor-g-recaptcha\" data-sitekey=\"6LeELuIhAAAAABxIgc-aFLt7C19Aq4nXcBwPBx2P\" data-type=\"v2_checkbox\" data-theme=\"light\" data-size=\"normal\"><\/div><\/div>\t\t\t\t<\/div>\n\t\t\t\t\t\t\t\t<div class=\"elementor-field-group elementor-column elementor-field-type-submit elementor-col-100 e-form__buttons\">\n\t\t\t\t\t<button class=\"elementor-button elementor-size-sm\" type=\"submit\">\n\t\t\t\t\t\t<span class=\"elementor-button-content-wrapper\">\n\t\t\t\t\t\t\t\t\t\t\t\t\t\t\t\t\t\t\t\t\t\t<span class=\"elementor-button-text\">Senden Sie<\/span>\n\t\t\t\t\t\t\t\t\t\t\t\t\t<\/span>\n\t\t\t\t\t<\/button>\n\t\t\t\t<\/div>\n\t\t\t<\/div>\n\t\t<\/form>\n\t\t\t\t<\/div>\n\t\t\t\t<\/div>\n\t\t\t\t<div class=\"elementor-element elementor-element-d310092 elementor-widget__width-auto elementor-absolute elementor-widget elementor-widget-image\" data-id=\"d310092\" data-element_type=\"widget\" data-settings=\"{&quot;_position&quot;:&quot;absolute&quot;}\" data-widget_type=\"image.default\">\n\t\t\t\t<div class=\"elementor-widget-container\">\n\t\t\t\t\t\t\t\t\t\t\t\t\t<img fetchpriority=\"high\" decoding=\"async\" width=\"306\" height=\"274\" src=\"https:\/\/www.allfincon.com\/wp-content\/uploads\/2022\/06\/horizontal-logo-favicon-1.png\" class=\"attachment-large size-large wp-image-392\" alt=\"\" srcset=\"https:\/\/www.allfincon.com\/wp-content\/uploads\/2022\/06\/horizontal-logo-favicon-1.png 306w, https:\/\/www.allfincon.com\/wp-content\/uploads\/2022\/06\/horizontal-logo-favicon-1-300x269.png 300w\" sizes=\"(max-width: 306px) 100vw, 306px\" \/>\t\t\t\t\t\t\t\t\t\t\t\t\t<\/div>\n\t\t\t\t<\/div>\n\t\t\t\t\t<\/div>\n\t\t<\/div>\n\t\t\t\t\t<\/div>\n\t\t<\/section>\n\t\t\t\t<\/div>\n\t\t","protected":false},"excerpt":{"rendered":"<p>Finanzdienstleistungen anfordern Wir freuen uns auf Ihre Kontaktaufnahme oder Anfrage. Als inhabergef\u00fchrtes Unternehmen k\u00fcmmern wir uns pers\u00f6nlich um die volle Zufriedenheit unserer Kunden. Um keine Zeit zu verlieren, k\u00f6nnen Sie direkt mit der Anfrage \u00fcber unser Formular beginnen oder uns pers\u00f6nlich kontaktieren. https:\/\/www.youtube.com\/watch?v=XHOmBV4js_E<\/p>\n","protected":false},"author":1,"featured_media":0,"parent":0,"menu_order":0,"comment_status":"closed","ping_status":"closed","template":"","meta":{"footnotes":""},"class_list":["post-1095","page","type-page","status-publish","hentry"],"_links":{"self":[{"href":"https:\/\/www.allfincon.com\/de\/wp-json\/wp\/v2\/pages\/1095","targetHints":{"allow":["GET"]}}],"collection":[{"href":"https:\/\/www.allfincon.com\/de\/wp-json\/wp\/v2\/pages"}],"about":[{"href":"https:\/\/www.allfincon.com\/de\/wp-json\/wp\/v2\/types\/page"}],"author":[{"embeddable":true,"href":"https:\/\/www.allfincon.com\/de\/wp-json\/wp\/v2\/users\/1"}],"replies":[{"embeddable":true,"href":"https:\/\/www.allfincon.com\/de\/wp-json\/wp\/v2\/comments?post=1095"}],"version-history":[{"count":2,"href":"https:\/\/www.allfincon.com\/de\/wp-json\/wp\/v2\/pages\/1095\/revisions"}],"predecessor-version":[{"id":1179,"href":"https:\/\/www.allfincon.com\/de\/wp-json\/wp\/v2\/pages\/1095\/revisions\/1179"}],"wp:attachment":[{"href":"https:\/\/www.allfincon.com\/de\/wp-json\/wp\/v2\/media?parent=1095"}],"curies":[{"name":"wp","href":"https:\/\/api.w.org\/{rel}","templated":true}]}}