{"id":1089,"date":"2022-06-10T15:45:15","date_gmt":"2022-06-10T13:45:15","guid":{"rendered":"https:\/\/www.allfincon.com\/impressum\/"},"modified":"2022-07-25T01:06:42","modified_gmt":"2022-07-24T23:06:42","slug":"impressum","status":"publish","type":"page","link":"https:\/\/www.allfincon.com\/de\/impressum\/","title":{"rendered":"Impressum"},"content":{"rendered":"\t\t<div data-elementor-type=\"wp-page\" data-elementor-id=\"1089\" class=\"elementor elementor-1089 elementor-261\" data-elementor-post-type=\"page\">\n\t\t\t\t\t\t<section class=\"elementor-section elementor-top-section elementor-element elementor-element-ed0a1f1 elementor-section-full_width elementor-section-height-default elementor-section-height-default\" data-id=\"ed0a1f1\" data-element_type=\"section\" data-settings=\"{&quot;background_background&quot;:&quot;classic&quot;}\">\n\t\t\t\t\t\t\t<div class=\"elementor-background-overlay\"><\/div>\n\t\t\t\t\t\t\t<div class=\"elementor-container elementor-column-gap-default\">\n\t\t\t\t\t<div class=\"elementor-column elementor-col-100 elementor-top-column elementor-element elementor-element-91bd692\" data-id=\"91bd692\" data-element_type=\"column\">\n\t\t\t<div class=\"elementor-widget-wrap elementor-element-populated\">\n\t\t\t\t\t\t<section class=\"elementor-section elementor-inner-section elementor-element elementor-element-372f37d elementor-section-full_width elementor-section-height-default elementor-section-height-default\" data-id=\"372f37d\" data-element_type=\"section\">\n\t\t\t\t\t\t<div class=\"elementor-container elementor-column-gap-default\">\n\t\t\t\t\t<div class=\"elementor-column elementor-col-33 elementor-inner-column elementor-element elementor-element-37bbdf8\" data-id=\"37bbdf8\" data-element_type=\"column\">\n\t\t\t<div class=\"elementor-widget-wrap\">\n\t\t\t\t\t\t\t<\/div>\n\t\t<\/div>\n\t\t\t\t<div class=\"elementor-column elementor-col-33 elementor-inner-column elementor-element elementor-element-74acc8c\" data-id=\"74acc8c\" data-element_type=\"column\">\n\t\t\t<div class=\"elementor-widget-wrap elementor-element-populated\">\n\t\t\t\t\t\t<div class=\"elementor-element elementor-element-13a134d elementor-widget elementor-widget-heading\" data-id=\"13a134d\" data-element_type=\"widget\" data-widget_type=\"heading.default\">\n\t\t\t\t<div class=\"elementor-widget-container\">\n\t\t\t<h2 class=\"elementor-heading-title elementor-size-default\">Impressum<\/h2>\t\t<\/div>\n\t\t\t\t<\/div>\n\t\t\t\t\t<\/div>\n\t\t<\/div>\n\t\t\t\t<div class=\"elementor-column elementor-col-33 elementor-inner-column elementor-element elementor-element-8a64b92\" data-id=\"8a64b92\" data-element_type=\"column\">\n\t\t\t<div class=\"elementor-widget-wrap elementor-element-populated\">\n\t\t\t\t\t\t<div class=\"elementor-element elementor-element-791cba0 elementor-widget elementor-widget-image\" data-id=\"791cba0\" data-element_type=\"widget\" data-widget_type=\"image.default\">\n\t\t\t\t<div class=\"elementor-widget-container\">\n\t\t\t\t\t\t\t\t\t\t\t\t\t<img fetchpriority=\"high\" decoding=\"async\" width=\"800\" height=\"635\" src=\"https:\/\/www.allfincon.com\/wp-content\/uploads\/2022\/07\/privacy.jpg\" class=\"attachment-large size-large wp-image-868\" alt=\"\" srcset=\"https:\/\/www.allfincon.com\/wp-content\/uploads\/2022\/07\/privacy.jpg 800w, https:\/\/www.allfincon.com\/wp-content\/uploads\/2022\/07\/privacy-300x238.jpg 300w, https:\/\/www.allfincon.com\/wp-content\/uploads\/2022\/07\/privacy-768x610.jpg 768w\" sizes=\"(max-width: 800px) 100vw, 800px\" \/>\t\t\t\t\t\t\t\t\t\t\t\t\t<\/div>\n\t\t\t\t<\/div>\n\t\t\t\t\t<\/div>\n\t\t<\/div>\n\t\t\t\t\t<\/div>\n\t\t<\/section>\n\t\t\t\t\t<\/div>\n\t\t<\/div>\n\t\t\t\t\t<\/div>\n\t\t<\/section>\n\t\t\t\t<section class=\"elementor-section elementor-top-section elementor-element elementor-element-e285316 elementor-section-boxed elementor-section-height-default elementor-section-height-default\" data-id=\"e285316\" data-element_type=\"section\">\n\t\t\t\t\t\t<div class=\"elementor-container elementor-column-gap-default\">\n\t\t\t\t\t<div class=\"elementor-column elementor-col-100 elementor-top-column elementor-element elementor-element-e259d31\" data-id=\"e259d31\" data-element_type=\"column\">\n\t\t\t<div class=\"elementor-widget-wrap elementor-element-populated\">\n\t\t\t\t\t\t<div class=\"elementor-element elementor-element-ee06595 elementor-widget elementor-widget-text-editor\" data-id=\"ee06595\" data-element_type=\"widget\" data-widget_type=\"text-editor.default\">\n\t\t\t\t<div class=\"elementor-widget-container\">\n\t\t\t\t\t\t\t<p><strong>VERANTWORTLICH F\u00dcR DEN INHALT<\/strong><\/p><p>ALLFINCON GmbH<\/p><p>Felsenkellerweg 1, 97292 Uettingen<\/p><p>HRB 187415<\/p><p>Bankverbindung:<\/p><p>DE47 7905 0000 0049 3571 63<\/p><p>Sparkasse Mainfranken<br><br><\/p><p>Identifikationsnummer gem. \u00a7 27a des Umsatzsteuergesetzes: DE272917586<br><br><\/p><p>Gesch\u00e4ftsf\u00fchrender Direktor<\/p><p>Rainer Meckelein<\/p><p><a href=\"mailto:rainer.meckelein@allfincon.com\">rainer.meckelein@allfincon.com<\/a><\/p><p>+49 15253898297<\/p><p>www.allfincon.com<\/p><p>office@allfincon.com<br><br><\/p><p>Handelsregistergericht und -nummer: Handelsgericht M\u00fcnchen<\/p><p>Hauptsitz des Unternehmens: Felsenkellerweg 1, 97292 Uettingen, Deutschland<\/p><p>Handelsregisternummer: HRB 187415, AG M\u00fcnchen<\/p><p>MwSt.-Nummer: 143\/110\/61187<br><br><\/p><p>Mitglied der Industrie- und Handelskammer M\u00fcnchen, Fachgruppe \/ Berufsgruppe Finanzdienstleister \/ Auskunfteien<\/p><p>Offenlegung gem\u00e4\u00df \u00a725 Mediengesetz:<\/p><p>Medieninhaber: ALLFINCON GmbH<\/p><p>Hauptsitz (Ort der Hauptverwaltung): Felsenkellerweg 1, 97292 Uettingen<br><br><\/p><p><strong>Haftungsausschluss:<\/strong><\/p><p>Alle auf diesen Seiten enthaltenen Informationen wurden nach bestem Wissen und Gewissen recherchiert und aufbereitet. Wir k\u00f6nnen jedoch nicht f\u00fcr die Richtigkeit aller auf diesen Seiten dargestellten Informationen garantieren.<br><br><\/p><p><strong>Links:<\/strong><\/p><p>Bei den verlinkten externen Seiten handelt es sich ausschlie\u00dflich um fremde Inhalte. Die ALLFINCON GmbH \u00fcbernimmt keine Verantwortung f\u00fcr den Inhalt der verlinkten Seiten.<\/p><p> <\/p>\t\t\t\t\t\t<\/div>\n\t\t\t\t<\/div>\n\t\t\t\t\t<\/div>\n\t\t<\/div>\n\t\t\t\t\t<\/div>\n\t\t<\/section>\n\t\t\t\t<\/div>\n\t\t","protected":false},"excerpt":{"rendered":"<p>Impressum VERANTWORTLICH F\u00dcR DEN INHALT ALLFINCON GmbH Felsenkellerweg 1, 97292 Uettingen HRB 187415 Bankverbindung: DE47 7905 0000 0049 3571 63 Sparkasse Mainfranken Identifikationsnummer gem. \u00a7 27a des Umsatzsteuergesetzes: DE272917586 Gesch\u00e4ftsf\u00fchrender Direktor Rainer Meckelein rainer.meckelein@allfincon.com +49 15253898297 www.allfincon.com office@allfincon.com Handelsregistergericht und -nummer: Handelsgericht M\u00fcnchen Hauptsitz des Unternehmens: Felsenkellerweg 1, 97292 Uettingen, Deutschland Handelsregisternummer: HRB 187415, AG [&hellip;]<\/p>\n","protected":false},"author":1,"featured_media":0,"parent":0,"menu_order":0,"comment_status":"closed","ping_status":"closed","template":"","meta":{"footnotes":""},"class_list":["post-1089","page","type-page","status-publish","hentry"],"_links":{"self":[{"href":"https:\/\/www.allfincon.com\/de\/wp-json\/wp\/v2\/pages\/1089","targetHints":{"allow":["GET"]}}],"collection":[{"href":"https:\/\/www.allfincon.com\/de\/wp-json\/wp\/v2\/pages"}],"about":[{"href":"https:\/\/www.allfincon.com\/de\/wp-json\/wp\/v2\/types\/page"}],"author":[{"embeddable":true,"href":"https:\/\/www.allfincon.com\/de\/wp-json\/wp\/v2\/users\/1"}],"replies":[{"embeddable":true,"href":"https:\/\/www.allfincon.com\/de\/wp-json\/wp\/v2\/comments?post=1089"}],"version-history":[{"count":2,"href":"https:\/\/www.allfincon.com\/de\/wp-json\/wp\/v2\/pages\/1089\/revisions"}],"predecessor-version":[{"id":1097,"href":"https:\/\/www.allfincon.com\/de\/wp-json\/wp\/v2\/pages\/1089\/revisions\/1097"}],"wp:attachment":[{"href":"https:\/\/www.allfincon.com\/de\/wp-json\/wp\/v2\/media?parent=1089"}],"curies":[{"name":"wp","href":"https:\/\/api.w.org\/{rel}","templated":true}]}}