{"id":1074,"date":"2022-06-14T18:51:27","date_gmt":"2022-06-14T16:51:27","guid":{"rendered":"https:\/\/www.allfincon.com\/partner\/"},"modified":"2022-07-25T01:04:09","modified_gmt":"2022-07-24T23:04:09","slug":"partner","status":"publish","type":"page","link":"https:\/\/www.allfincon.com\/de\/partner\/","title":{"rendered":"Partner"},"content":{"rendered":"\t\t<div data-elementor-type=\"wp-page\" data-elementor-id=\"1074\" class=\"elementor elementor-1074 elementor-369\" data-elementor-post-type=\"page\">\n\t\t\t\t\t\t<section class=\"elementor-section elementor-top-section elementor-element elementor-element-178b974 elementor-section-full_width elementor-section-height-default elementor-section-height-default\" data-id=\"178b974\" data-element_type=\"section\" data-settings=\"{&quot;background_background&quot;:&quot;classic&quot;}\">\n\t\t\t\t\t\t\t<div class=\"elementor-background-overlay\"><\/div>\n\t\t\t\t\t\t\t<div class=\"elementor-container elementor-column-gap-default\">\n\t\t\t\t\t<div class=\"elementor-column elementor-col-100 elementor-top-column elementor-element elementor-element-5e6507d\" data-id=\"5e6507d\" data-element_type=\"column\">\n\t\t\t<div class=\"elementor-widget-wrap elementor-element-populated\">\n\t\t\t\t\t\t<section class=\"elementor-section elementor-inner-section elementor-element elementor-element-e759382 elementor-section-full_width elementor-section-height-default elementor-section-height-default\" data-id=\"e759382\" data-element_type=\"section\">\n\t\t\t\t\t\t<div class=\"elementor-container elementor-column-gap-default\">\n\t\t\t\t\t<div class=\"elementor-column elementor-col-33 elementor-inner-column elementor-element elementor-element-9c3b9f4\" data-id=\"9c3b9f4\" data-element_type=\"column\">\n\t\t\t<div class=\"elementor-widget-wrap\">\n\t\t\t\t\t\t\t<\/div>\n\t\t<\/div>\n\t\t\t\t<div class=\"elementor-column elementor-col-33 elementor-inner-column elementor-element elementor-element-8b945fa\" data-id=\"8b945fa\" data-element_type=\"column\">\n\t\t\t<div class=\"elementor-widget-wrap elementor-element-populated\">\n\t\t\t\t\t\t<div class=\"elementor-element elementor-element-58e7500 elementor-widget elementor-widget-heading\" data-id=\"58e7500\" data-element_type=\"widget\" data-widget_type=\"heading.default\">\n\t\t\t\t<div class=\"elementor-widget-container\">\n\t\t\t<h2 class=\"elementor-heading-title elementor-size-default\">Partner<\/h2>\t\t<\/div>\n\t\t\t\t<\/div>\n\t\t\t\t<div class=\"elementor-element elementor-element-ab277bf elementor-widget elementor-widget-text-editor\" data-id=\"ab277bf\" data-element_type=\"widget\" data-widget_type=\"text-editor.default\">\n\t\t\t\t<div class=\"elementor-widget-container\">\n\t\t\t\t\t\t\t<p>Eine erfolgreiche Partnerschaft setzt voraus, dass sich alle Beteiligten \u00fcber die gleiche strategische Ausrichtung f\u00fcr das Unternehmen und den Kunden einig sind. Wir haben einen klaren, abgestimmten Kurs f\u00fcr das Unternehmen festgelegt, der den Bed\u00fcrfnissen unserer Kunden und aller Partner entspricht.<\/p>\t\t\t\t\t\t<\/div>\n\t\t\t\t<\/div>\n\t\t\t\t\t<\/div>\n\t\t<\/div>\n\t\t\t\t<div class=\"elementor-column elementor-col-33 elementor-inner-column elementor-element elementor-element-5ba26f9\" data-id=\"5ba26f9\" data-element_type=\"column\">\n\t\t\t<div class=\"elementor-widget-wrap elementor-element-populated\">\n\t\t\t\t\t\t<div class=\"elementor-element elementor-element-b0befb8 elementor-widget elementor-widget-video\" data-id=\"b0befb8\" data-element_type=\"widget\" data-settings=\"{&quot;video_type&quot;:&quot;vimeo&quot;,&quot;autoplay&quot;:&quot;yes&quot;,&quot;play_on_mobile&quot;:&quot;yes&quot;,&quot;mute&quot;:&quot;yes&quot;,&quot;loop&quot;:&quot;yes&quot;}\" data-widget_type=\"video.default\">\n\t\t\t\t<div class=\"elementor-widget-container\">\n\t\t\t\t\t<div class=\"elementor-wrapper elementor-open-inline\">\n\t\t\t<iframe class=\"elementor-video-iframe\" allowfullscreen allow=\"autoplay\" title=\"vimeo Video Player\" src=\"https:\/\/player.vimeo.com\/video\/732429252?autoplay=1&amp;playsinline=1&amp;color&amp;autopause=0&amp;loop=1&amp;muted=1&amp;title=1&amp;portrait=1&amp;byline=1#t=\"><\/iframe>\t\t<\/div>\n\t\t\t\t<\/div>\n\t\t\t\t<\/div>\n\t\t\t\t\t<\/div>\n\t\t<\/div>\n\t\t\t\t\t<\/div>\n\t\t<\/section>\n\t\t\t\t\t<\/div>\n\t\t<\/div>\n\t\t\t\t\t<\/div>\n\t\t<\/section>\n\t\t\t\t<section class=\"elementor-section elementor-top-section elementor-element elementor-element-3af7b2f elementor-section-boxed elementor-section-height-default elementor-section-height-default\" data-id=\"3af7b2f\" data-element_type=\"section\">\n\t\t\t\t\t\t<div class=\"elementor-container elementor-column-gap-default\">\n\t\t\t\t\t<div class=\"elementor-column elementor-col-100 elementor-top-column elementor-element elementor-element-85620d4\" data-id=\"85620d4\" data-element_type=\"column\">\n\t\t\t<div class=\"elementor-widget-wrap elementor-element-populated\">\n\t\t\t\t\t\t<div class=\"elementor-element elementor-element-c947442 elementor-widget elementor-widget-text-editor\" data-id=\"c947442\" data-element_type=\"widget\" data-widget_type=\"text-editor.default\">\n\t\t\t\t<div class=\"elementor-widget-container\">\n\t\t\t\t\t\t\t<p>Als gute Gesch\u00e4ftspartner bauen wir auf, schaffen, wachsen, lernen, passen uns an, stellen uns Herausforderungen, feiern Erfolge und vieles mehr &#8211; gemeinsam. Jeder Partner muss umwerben, unterst\u00fctzen, vertrauen, Kompromisse eingehen und sch\u00e4tzen.<\/p><p>Leistungsstarke Partner in den Dienstleistungsketten haben mehrere positive Auswirkungen. Dazu geh\u00f6ren eine hohe Zufriedenheit in den Kundensegmenten, die am meisten zum Gewinn beitragen, die F\u00e4higkeit, sich schnell auf externe Ereignisse einzustellen, eine hohe Kapitalrendite f\u00fcr die eingesetzten Anlagen in der Lieferkette und kontinuierliche Produktivit\u00e4tssteigerungen, die Reinvestitionen in das Unternehmen erm\u00f6glichen, so dass sich die Kunden auf ihr Kerngesch\u00e4ft konzentrieren k\u00f6nnen.<\/p>\t\t\t\t\t\t<\/div>\n\t\t\t\t<\/div>\n\t\t\t\t\t<\/div>\n\t\t<\/div>\n\t\t\t\t\t<\/div>\n\t\t<\/section>\n\t\t\t\t<section class=\"elementor-section elementor-top-section elementor-element elementor-element-b4cd279 elementor-section-boxed elementor-section-height-default elementor-section-height-default\" data-id=\"b4cd279\" data-element_type=\"section\">\n\t\t\t\t\t\t<div class=\"elementor-container elementor-column-gap-default\">\n\t\t\t\t\t<div class=\"elementor-column elementor-col-100 elementor-top-column elementor-element elementor-element-8bf20dd\" data-id=\"8bf20dd\" data-element_type=\"column\">\n\t\t\t<div class=\"elementor-widget-wrap elementor-element-populated\">\n\t\t\t\t\t\t<section class=\"elementor-section elementor-inner-section elementor-element elementor-element-00db840 elementor-section-boxed elementor-section-height-default elementor-section-height-default elementor-invisible\" data-id=\"00db840\" data-element_type=\"section\" data-settings=\"{&quot;animation&quot;:&quot;fadeInUp&quot;}\">\n\t\t\t\t\t\t<div class=\"elementor-container elementor-column-gap-default\">\n\t\t\t\t\t<div class=\"elementor-column elementor-col-20 elementor-inner-column elementor-element elementor-element-888bcd9\" data-id=\"888bcd9\" data-element_type=\"column\">\n\t\t\t<div class=\"elementor-widget-wrap elementor-element-populated\">\n\t\t\t\t\t\t<div class=\"elementor-element elementor-element-958b6f0 elementor-widget elementor-widget-image\" data-id=\"958b6f0\" data-element_type=\"widget\" data-widget_type=\"image.default\">\n\t\t\t\t<div class=\"elementor-widget-container\">\n\t\t\t\t\t\t\t\t\t\t\t\t\t\t<a href=\"https:\/\/all4con.com\/\" target=\"_blank\">\n\t\t\t\t\t\t\t<img decoding=\"async\" width=\"290\" height=\"55\" src=\"https:\/\/www.allfincon.com\/wp-content\/uploads\/2022\/06\/all4con.png\" class=\"elementor-animation-float attachment-large size-large wp-image-361\" alt=\"\" \/>\t\t\t\t\t\t\t\t<\/a>\n\t\t\t\t\t\t\t\t\t\t\t\t\t<\/div>\n\t\t\t\t<\/div>\n\t\t\t\t\t<\/div>\n\t\t<\/div>\n\t\t\t\t<div class=\"elementor-column elementor-col-20 elementor-inner-column elementor-element elementor-element-56c4487\" data-id=\"56c4487\" data-element_type=\"column\">\n\t\t\t<div class=\"elementor-widget-wrap elementor-element-populated\">\n\t\t\t\t\t\t<div class=\"elementor-element elementor-element-4f23af8 elementor-widget elementor-widget-image\" data-id=\"4f23af8\" data-element_type=\"widget\" data-widget_type=\"image.default\">\n\t\t\t\t<div class=\"elementor-widget-container\">\n\t\t\t\t\t\t\t\t\t\t\t\t\t\t<a href=\"https:\/\/labest.solutions\/\" target=\"_blank\">\n\t\t\t\t\t\t\t<img decoding=\"async\" width=\"184\" height=\"162\" src=\"https:\/\/www.allfincon.com\/wp-content\/uploads\/2022\/06\/labest.jpg\" class=\"elementor-animation-float attachment-large size-large wp-image-360\" alt=\"\" \/>\t\t\t\t\t\t\t\t<\/a>\n\t\t\t\t\t\t\t\t\t\t\t\t\t<\/div>\n\t\t\t\t<\/div>\n\t\t\t\t\t<\/div>\n\t\t<\/div>\n\t\t\t\t<div class=\"elementor-column elementor-col-20 elementor-inner-column elementor-element elementor-element-3b83a07\" data-id=\"3b83a07\" data-element_type=\"column\">\n\t\t\t<div class=\"elementor-widget-wrap elementor-element-populated\">\n\t\t\t\t\t\t<div class=\"elementor-element elementor-element-b098456 elementor-widget elementor-widget-image\" data-id=\"b098456\" data-element_type=\"widget\" data-widget_type=\"image.default\">\n\t\t\t\t<div class=\"elementor-widget-container\">\n\t\t\t\t\t\t\t\t\t\t\t\t\t\t<a href=\"https:\/\/dd-advisor.de\/\" target=\"_blank\">\n\t\t\t\t\t\t\t<img fetchpriority=\"high\" decoding=\"async\" width=\"555\" height=\"152\" src=\"https:\/\/www.allfincon.com\/wp-content\/uploads\/2022\/06\/ddadvisor.png\" class=\"elementor-animation-float attachment-large size-large wp-image-359\" alt=\"\" srcset=\"https:\/\/www.allfincon.com\/wp-content\/uploads\/2022\/06\/ddadvisor.png 555w, https:\/\/www.allfincon.com\/wp-content\/uploads\/2022\/06\/ddadvisor-300x82.png 300w\" sizes=\"(max-width: 555px) 100vw, 555px\" \/>\t\t\t\t\t\t\t\t<\/a>\n\t\t\t\t\t\t\t\t\t\t\t\t\t<\/div>\n\t\t\t\t<\/div>\n\t\t\t\t\t<\/div>\n\t\t<\/div>\n\t\t\t\t<div class=\"elementor-column elementor-col-20 elementor-inner-column elementor-element elementor-element-b7cc4e5\" data-id=\"b7cc4e5\" data-element_type=\"column\">\n\t\t\t<div class=\"elementor-widget-wrap elementor-element-populated\">\n\t\t\t\t\t\t<div class=\"elementor-element elementor-element-bc6718b elementor-widget elementor-widget-image\" data-id=\"bc6718b\" data-element_type=\"widget\" data-widget_type=\"image.default\">\n\t\t\t\t<div class=\"elementor-widget-container\">\n\t\t\t\t\t\t\t\t\t\t\t\t\t\t<a href=\"https:\/\/www.creditreform.at\/wien\" target=\"_blank\">\n\t\t\t\t\t\t\t<img loading=\"lazy\" decoding=\"async\" width=\"256\" height=\"66\" src=\"https:\/\/www.allfincon.com\/wp-content\/uploads\/2022\/06\/creditform.png\" class=\"elementor-animation-float attachment-large size-large wp-image-358\" alt=\"\" \/>\t\t\t\t\t\t\t\t<\/a>\n\t\t\t\t\t\t\t\t\t\t\t\t\t<\/div>\n\t\t\t\t<\/div>\n\t\t\t\t\t<\/div>\n\t\t<\/div>\n\t\t\t\t<div class=\"elementor-column elementor-col-20 elementor-inner-column elementor-element elementor-element-2d04d9c\" data-id=\"2d04d9c\" data-element_type=\"column\">\n\t\t\t<div class=\"elementor-widget-wrap elementor-element-populated\">\n\t\t\t\t\t\t<div class=\"elementor-element elementor-element-f764ffe elementor-widget elementor-widget-image\" data-id=\"f764ffe\" data-element_type=\"widget\" data-widget_type=\"image.default\">\n\t\t\t\t<div class=\"elementor-widget-container\">\n\t\t\t\t\t\t\t\t\t\t\t\t\t\t<a href=\"https:\/\/www.myauktion.de\/\" target=\"_blank\">\n\t\t\t\t\t\t\t<img loading=\"lazy\" decoding=\"async\" width=\"311\" height=\"206\" src=\"https:\/\/www.allfincon.com\/wp-content\/uploads\/2022\/07\/index.jpg\" class=\"elementor-animation-float attachment-large size-large wp-image-878\" alt=\"\" srcset=\"https:\/\/www.allfincon.com\/wp-content\/uploads\/2022\/07\/index.jpg 311w, https:\/\/www.allfincon.com\/wp-content\/uploads\/2022\/07\/index-300x199.jpg 300w\" sizes=\"(max-width: 311px) 100vw, 311px\" \/>\t\t\t\t\t\t\t\t<\/a>\n\t\t\t\t\t\t\t\t\t\t\t\t\t<\/div>\n\t\t\t\t<\/div>\n\t\t\t\t\t<\/div>\n\t\t<\/div>\n\t\t\t\t\t<\/div>\n\t\t<\/section>\n\t\t\t\t\t<\/div>\n\t\t<\/div>\n\t\t\t\t\t<\/div>\n\t\t<\/section>\n\t\t\t\t<section class=\"elementor-section elementor-top-section elementor-element elementor-element-09f3a95 elementor-section-boxed elementor-section-height-default elementor-section-height-default\" data-id=\"09f3a95\" data-element_type=\"section\" data-settings=\"{&quot;background_background&quot;:&quot;classic&quot;}\">\n\t\t\t\t\t\t\t<div class=\"elementor-background-overlay\"><\/div>\n\t\t\t\t\t\t\t<div class=\"elementor-container elementor-column-gap-default\">\n\t\t\t\t\t<div class=\"elementor-column elementor-col-100 elementor-top-column elementor-element elementor-element-22f0e53 elementor-invisible\" data-id=\"22f0e53\" data-element_type=\"column\" data-settings=\"{&quot;animation&quot;:&quot;fadeIn&quot;}\">\n\t\t\t<div class=\"elementor-widget-wrap elementor-element-populated\">\n\t\t\t\t\t\t<section class=\"elementor-section elementor-inner-section elementor-element elementor-element-3256eaf elementor-section-boxed elementor-section-height-default elementor-section-height-default elementor-invisible\" data-id=\"3256eaf\" data-element_type=\"section\" data-settings=\"{&quot;background_background&quot;:&quot;classic&quot;,&quot;animation&quot;:&quot;fadeInDown&quot;}\">\n\t\t\t\t\t\t<div class=\"elementor-container elementor-column-gap-default\">\n\t\t\t\t\t<div class=\"elementor-column elementor-col-50 elementor-inner-column elementor-element elementor-element-ee5630c\" data-id=\"ee5630c\" data-element_type=\"column\">\n\t\t\t<div class=\"elementor-widget-wrap elementor-element-populated\">\n\t\t\t\t\t\t<div class=\"elementor-element elementor-element-3dd1f38 elementor-widget elementor-widget-image\" data-id=\"3dd1f38\" data-element_type=\"widget\" data-widget_type=\"image.default\">\n\t\t\t\t<div class=\"elementor-widget-container\">\n\t\t\t\t\t\t\t\t\t\t\t\t\t<img loading=\"lazy\" decoding=\"async\" width=\"800\" height=\"400\" src=\"https:\/\/www.allfincon.com\/wp-content\/uploads\/2022\/06\/vertical-logo1-1024x512.png\" class=\"elementor-animation-float attachment-large size-large wp-image-106\" alt=\"\" srcset=\"https:\/\/www.allfincon.com\/wp-content\/uploads\/2022\/06\/vertical-logo1-1024x512.png 1024w, https:\/\/www.allfincon.com\/wp-content\/uploads\/2022\/06\/vertical-logo1-300x150.png 300w, https:\/\/www.allfincon.com\/wp-content\/uploads\/2022\/06\/vertical-logo1-768x384.png 768w, https:\/\/www.allfincon.com\/wp-content\/uploads\/2022\/06\/vertical-logo1-1536x768.png 1536w, https:\/\/www.allfincon.com\/wp-content\/uploads\/2022\/06\/vertical-logo1.png 2000w\" sizes=\"(max-width: 800px) 100vw, 800px\" \/>\t\t\t\t\t\t\t\t\t\t\t\t\t<\/div>\n\t\t\t\t<\/div>\n\t\t\t\t\t<\/div>\n\t\t<\/div>\n\t\t\t\t<div class=\"elementor-column elementor-col-50 elementor-inner-column elementor-element elementor-element-6a742e8\" data-id=\"6a742e8\" data-element_type=\"column\">\n\t\t\t<div class=\"elementor-widget-wrap elementor-element-populated\">\n\t\t\t\t\t\t<div class=\"elementor-element elementor-element-5050bb0 elementor-widget elementor-widget-image\" data-id=\"5050bb0\" data-element_type=\"widget\" data-widget_type=\"image.default\">\n\t\t\t\t<div class=\"elementor-widget-container\">\n\t\t\t\t\t\t\t\t\t\t\t\t\t<img loading=\"lazy\" decoding=\"async\" width=\"38\" height=\"28\" src=\"https:\/\/www.allfincon.com\/wp-content\/uploads\/2022\/06\/qutation-image2.png\" class=\"attachment-large size-large wp-image-70\" alt=\"\" \/>\t\t\t\t\t\t\t\t\t\t\t\t\t<\/div>\n\t\t\t\t<\/div>\n\t\t\t\t<div class=\"elementor-element elementor-element-c1b781d elementor-widget elementor-widget-heading\" data-id=\"c1b781d\" data-element_type=\"widget\" data-widget_type=\"heading.default\">\n\t\t\t\t<div class=\"elementor-widget-container\">\n\t\t\t<h2 class=\"elementor-heading-title elementor-size-default\">\"Unser Allfincon-Team verf\u00fcgt \u00fcber jahrzehntelange Erfahrung in der Liquidit\u00e4tsbeschaffung. Gemeinsam mit unserem gro\u00dfen Netzwerk an Investoren entwickeln wir alternative Finanzierungen, die auf Ihr Unternehmen zugeschnitten sind. Bei der Zusammenarbeit mit unseren Kunden stehen Vertrauen und Transparenz an erster Stelle.\"<\/h2>\t\t<\/div>\n\t\t\t\t<\/div>\n\t\t\t\t<div class=\"elementor-element elementor-element-eb3e608 elementor-widget elementor-widget-heading\" data-id=\"eb3e608\" data-element_type=\"widget\" data-widget_type=\"heading.default\">\n\t\t\t\t<div class=\"elementor-widget-container\">\n\t\t\t<h2 class=\"elementor-heading-title elementor-size-default\">Rainer Meckelein<\/h2>\t\t<\/div>\n\t\t\t\t<\/div>\n\t\t\t\t<div class=\"elementor-element elementor-element-f56fd95 elementor-widget elementor-widget-text-editor\" data-id=\"f56fd95\" data-element_type=\"widget\" data-widget_type=\"text-editor.default\">\n\t\t\t\t<div class=\"elementor-widget-container\">\n\t\t\t\t\t\t\t<p>CEO<\/p>\t\t\t\t\t\t<\/div>\n\t\t\t\t<\/div>\n\t\t\t\t\t<\/div>\n\t\t<\/div>\n\t\t\t\t\t<\/div>\n\t\t<\/section>\n\t\t\t\t\t<\/div>\n\t\t<\/div>\n\t\t\t\t\t<\/div>\n\t\t<\/section>\n\t\t\t\t<\/div>\n\t\t","protected":false},"excerpt":{"rendered":"<p>Partners For a partnership to be successful, all parties involved must agree on the same strategic direction for the company and the client. We have set a clear, agreed-upon course for the business that meets the needs of our clients and all partners. https:\/\/vimeo.com\/732429252 As good business partners we build, create, grow, learn, adapt, face [&hellip;]<\/p>\n","protected":false},"author":1,"featured_media":0,"parent":0,"menu_order":0,"comment_status":"closed","ping_status":"closed","template":"","meta":{"footnotes":""},"class_list":["post-1074","page","type-page","status-publish","hentry"],"_links":{"self":[{"href":"https:\/\/www.allfincon.com\/de\/wp-json\/wp\/v2\/pages\/1074","targetHints":{"allow":["GET"]}}],"collection":[{"href":"https:\/\/www.allfincon.com\/de\/wp-json\/wp\/v2\/pages"}],"about":[{"href":"https:\/\/www.allfincon.com\/de\/wp-json\/wp\/v2\/types\/page"}],"author":[{"embeddable":true,"href":"https:\/\/www.allfincon.com\/de\/wp-json\/wp\/v2\/users\/1"}],"replies":[{"embeddable":true,"href":"https:\/\/www.allfincon.com\/de\/wp-json\/wp\/v2\/comments?post=1074"}],"version-history":[{"count":3,"href":"https:\/\/www.allfincon.com\/de\/wp-json\/wp\/v2\/pages\/1074\/revisions"}],"predecessor-version":[{"id":1085,"href":"https:\/\/www.allfincon.com\/de\/wp-json\/wp\/v2\/pages\/1074\/revisions\/1085"}],"wp:attachment":[{"href":"https:\/\/www.allfincon.com\/de\/wp-json\/wp\/v2\/media?parent=1074"}],"curies":[{"name":"wp","href":"https:\/\/api.w.org\/{rel}","templated":true}]}}